{"id":20,"date":"2022-02-14T09:04:24","date_gmt":"2022-02-14T08:04:24","guid":{"rendered":"http:\/\/www.pferdepraxis-suderbruch.de\/?page_id=20"},"modified":"2023-12-20T15:53:43","modified_gmt":"2023-12-20T14:53:43","slug":"pferdepraxis-suderbruch","status":"publish","type":"page","link":"https:\/\/www.pferdepraxis-suderbruch.de\/","title":{"rendered":"Herzlich willkommen"},"content":{"rendered":"\n<p>Die Pferdepraxis Suderbruch ist eine Fahrpraxis f\u00fcr Pferde, die Ihnen bei allen Allgemeinerkrankungen Ihres Pferdes kompetent zur Seite steht.<\/p>\n\n\n\n<p>Das Versorgungsgebiet der haustier\u00e4rztlichen Praxis erstreckt sich \u00fcber den s\u00fcdlichen Heidekreis sowie die gesamte Wedemark und deren angrenzende Orte.<\/p>\n\n\n\n<p>Zur Terminabsprache wenden Sie sich bitte \u00fcber die nebenstehende Rufnummer direkt an mich.<\/p>\n\n\n\n<p><strong><strong><span class=\"has-inline-color has-neve-button-color-color\">Notdienst:<\/span><\/strong><\/strong><\/p>\n\n\n\n<p>Bei tier\u00e4rztlichen Leistungen, die je nach Verf\u00fcgbarkeit der Tier\u00e4rztin werktags in der Zeit von 18:00 bis 8:00 Uhr, an Wochenenden von Freitag 18:00 bis Montag 8:00 Uhr sowie an Feiertagen, dem 24.12. (Heiligabend) und dem 31.12. (Sylvester) erbracht werden, muss nach GOT \u00a73 Abs. 4 mindestens der erh\u00f6hte zweifache Geb\u00fchrensatz angewendet werden. Zudem muss verpflichtend eine Notdienstpauschale in H\u00f6he von \u20ac 50,00 zzgl. USt. erhoben werden.<\/p>\n\n\n<div class=\"wp-block-image\">\n<figure class=\"aligncenter size-full\"><img loading=\"lazy\" decoding=\"async\" width=\"150\" height=\"150\" src=\"https:\/\/www.pferdepraxis-suderbruch.de\/wp-content\/uploads\/2022\/02\/vetlogo.png\" alt=\"\" class=\"wp-image-17\"\/><\/figure>\n<\/div>","protected":false},"excerpt":{"rendered":"<p>Die Pferdepraxis Suderbruch ist eine Fahrpraxis f\u00fcr Pferde, die Ihnen bei allen Allgemeinerkrankungen Ihres Pferdes kompetent zur Seite steht. Das Versorgungsgebiet der haustier\u00e4rztlichen Praxis erstreckt sich \u00fcber den s\u00fcdlichen Heidekreis sowie die gesamte Wedemark und deren angrenzende Orte. Zur Terminabsprache [&hellip;]<\/p>\n","protected":false},"author":1,"featured_media":0,"parent":0,"menu_order":0,"comment_status":"closed","ping_status":"closed","template":"","meta":{"footnotes":""},"class_list":["post-20","page","type-page","status-publish","hentry","clearfix"],"_links":{"self":[{"href":"https:\/\/www.pferdepraxis-suderbruch.de\/index.php\/wp-json\/wp\/v2\/pages\/20","targetHints":{"allow":["GET"]}}],"collection":[{"href":"https:\/\/www.pferdepraxis-suderbruch.de\/index.php\/wp-json\/wp\/v2\/pages"}],"about":[{"href":"https:\/\/www.pferdepraxis-suderbruch.de\/index.php\/wp-json\/wp\/v2\/types\/page"}],"author":[{"embeddable":true,"href":"https:\/\/www.pferdepraxis-suderbruch.de\/index.php\/wp-json\/wp\/v2\/users\/1"}],"replies":[{"embeddable":true,"href":"https:\/\/www.pferdepraxis-suderbruch.de\/index.php\/wp-json\/wp\/v2\/comments?post=20"}],"version-history":[{"count":20,"href":"https:\/\/www.pferdepraxis-suderbruch.de\/index.php\/wp-json\/wp\/v2\/pages\/20\/revisions"}],"predecessor-version":[{"id":242,"href":"https:\/\/www.pferdepraxis-suderbruch.de\/index.php\/wp-json\/wp\/v2\/pages\/20\/revisions\/242"}],"wp:attachment":[{"href":"https:\/\/www.pferdepraxis-suderbruch.de\/index.php\/wp-json\/wp\/v2\/media?parent=20"}],"curies":[{"name":"wp","href":"https:\/\/api.w.org\/{rel}","templated":true}]}}